{"id":10,"date":"2022-08-29T10:39:22","date_gmt":"2022-08-29T14:39:22","guid":{"rendered":"http:\/\/personal.cmm.uchile.cl\/jortega\/?page_id=10"},"modified":"2022-08-29T11:35:55","modified_gmt":"2022-08-29T15:35:55","slug":"short-bio","status":"publish","type":"page","link":"https:\/\/personal.cmm.uchile.cl\/jortega\/short-bio\/","title":{"rendered":"Short Bio"},"content":{"rendered":"<p><strong>Jaime Ortega<\/strong><\/p>\n<p>Bachelor and Master in Mathematics from the U. de Concepci\u00f3n and PhD in Mathematical Sciences from the Universidad Complutense de Madrid. He is Full Professor of the Department of Mathematical Engineering and Principal Investigator of the <a href=\"https:\/\/www.cmm.uchile.cl\/\" target=\"_blank\" rel=\"noopener\">Center for Mathematical Modeling (CMM)<\/a> at the University of Chile.<\/p>\n<p>With more than 20 years in R&amp;D projects in mining and applications of image processing and optimal design, he was director of the Imaging Laboratory of the CMM and is Principal Investigator and director of the P6 project &#8220;Sensorization and Remote Monitoring of Aquifers&#8221; of the Center for Water Technologies &#8211; CAPTA. He is currently Principal Investigator and in charge of the Digital Mining area of the Center for Mathematical Modeling, he is also coordinator of the Copernicus Project of the University of Chile at CMM, a project that develops the Satellite Data Repository provided by the Copernicus Program of the European Union (<a href=\"https:\/\/www.copernicus.eu\" target=\"_blank\" rel=\"noopener\">https:\/\/www.copernicus.eu<\/a>) and co-director of the Satellite Imaging Group.<\/p>\n<p>&nbsp;<\/p>\n<h3>Biograf\u00eda breve<\/h3>\n<p><strong>Jaime Ortega<\/strong><\/p>\n<p>Licenciado y Magister en Matem\u00e1ticas de la U. de Concepci\u00f3n y Doctor en Ciencias Matem\u00e1ticas de la Universidad Complutense de Madrid. Es Profesor Titular del Departamento de Ingenier\u00eda Matem\u00e1tica e Investigador Principal del <a href=\"https:\/\/www.cmm.uchile.cl\/\" target=\"_blank\" rel=\"noopener\">Centro de Modelamiento Matem\u00e1tico (CMM)<\/a> de la Universidad de Chile.<\/p>\n<p>Con m\u00e1s de 20 a\u00f1os en proyectos de I+D en miner\u00eda y aplicaciones de procesamiento de im\u00e1genes y dise\u00f1o \u00f3ptimo, fue director del Laboratorio de Im\u00e1genes del CMM y es Investigador Principal y director del proyecto P6 \u201cSensorizaci\u00f3n y Monitoreo Remoto de Acu\u00edferos\u201d del Centro de Tecnolog\u00edas para el Agua \u2013 CAPTA. Actualmente es Investigador Principal y encargado del \u00e1rea de Miner\u00eda Digital del Centro de Modelamiento Matem\u00e1tico, adem\u00e1s es coordinador del Proyecto Copernicus de la Universidad de Chile en el CMM, proyecto que desarrolla el Repositorio de los Datos Satelitales provistos por el Programa Copernicus de la Uni\u00f3n Europea (<a href=\"https:\/\/www.copernicus.eu\" target=\"_blank\" rel=\"noopener\">https:\/\/www.copernicus.eu<\/a>) y codirector del Grupo de Im\u00e1genes Satelitales.<\/p>\n","protected":false},"excerpt":{"rendered":"<p>Jaime Ortega Bachelor and Master in Mathematics from the U. de Concepci\u00f3n and PhD in Mathematical Sciences from the Universidad Complutense de Madrid. He is Full Professor of the Department of Mathematical Engineering and Principal Investigator of the Center for Mathematical Modeling (CMM) at the University of Chile. With more than 20 years in R&amp;D &hellip; <a href=\"https:\/\/personal.cmm.uchile.cl\/jortega\/short-bio\/\" class=\"more-link\">Continue reading <span class=\"screen-reader-text\">Short Bio<\/span> <span class=\"meta-nav\">&rarr;<\/span><\/a><\/p>\n","protected":false},"author":2,"featured_media":0,"parent":0,"menu_order":1,"comment_status":"closed","ping_status":"closed","template":"","meta":{"footnotes":""},"class_list":["post-10","page","type-page","status-publish","hentry"],"_links":{"self":[{"href":"https:\/\/personal.cmm.uchile.cl\/jortega\/wp-json\/wp\/v2\/pages\/10","targetHints":{"allow":["GET"]}}],"collection":[{"href":"https:\/\/personal.cmm.uchile.cl\/jortega\/wp-json\/wp\/v2\/pages"}],"about":[{"href":"https:\/\/personal.cmm.uchile.cl\/jortega\/wp-json\/wp\/v2\/types\/page"}],"author":[{"embeddable":true,"href":"https:\/\/personal.cmm.uchile.cl\/jortega\/wp-json\/wp\/v2\/users\/2"}],"replies":[{"embeddable":true,"href":"https:\/\/personal.cmm.uchile.cl\/jortega\/wp-json\/wp\/v2\/comments?post=10"}],"version-history":[{"count":8,"href":"https:\/\/personal.cmm.uchile.cl\/jortega\/wp-json\/wp\/v2\/pages\/10\/revisions"}],"predecessor-version":[{"id":30,"href":"https:\/\/personal.cmm.uchile.cl\/jortega\/wp-json\/wp\/v2\/pages\/10\/revisions\/30"}],"wp:attachment":[{"href":"https:\/\/personal.cmm.uchile.cl\/jortega\/wp-json\/wp\/v2\/media?parent=10"}],"curies":[{"name":"wp","href":"https:\/\/api.w.org\/{rel}","templated":true}]}}