{"id":7,"date":"2020-01-27T15:07:29","date_gmt":"2020-01-27T18:07:29","guid":{"rendered":"http:\/\/personal.cmm.uchile.cl\/jamaya\/?page_id=7"},"modified":"2020-01-30T16:54:37","modified_gmt":"2020-01-30T19:54:37","slug":"acerca","status":"publish","type":"page","link":"https:\/\/personal.cmm.uchile.cl\/jamaya\/es\/acerca\/","title":{"rendered":"Acerca"},"content":{"rendered":"<p>Profesor de \u00c1lgebra Lineal y Optimizaci\u00f3n Matem\u00e1tica en la Escuela de Ingenier\u00eda e investigador del Centro de Modelamiento Matem\u00e1tico (CMM) de la Universidad de Chile.<\/p>\n<h2><img loading=\"lazy\" decoding=\"async\" class=\"size-medium wp-image-50 alignright\" src=\"http:\/\/personal.cmm.uchile.cl\/jamaya\/wp-content\/uploads\/sites\/6\/2020\/01\/119-copia-red-225x300.jpg\" alt=\"\" width=\"225\" height=\"300\" srcset=\"https:\/\/personal.cmm.uchile.cl\/jamaya\/wp-content\/uploads\/sites\/6\/2020\/01\/119-copia-red-225x300.jpg 225w, https:\/\/personal.cmm.uchile.cl\/jamaya\/wp-content\/uploads\/sites\/6\/2020\/01\/119-copia-red.jpg 336w\" sizes=\"auto, (max-width: 225px) 100vw, 225px\" \/>Jorge Amaya<\/h2>\n<ul>\n<li>Ingeniero Matem\u00e1tico (Universidad de Chile)<\/li>\n<li>Master en Ciencias Aplicadas (Universidad Cat\u00f3lica de Lovaina)<\/li>\n<li>Master en Estad\u00edstica Matem\u00e1tica (CIENES-OEA)<\/li>\n<li>Doctorado en Ciencias Aplicadas (Universidad Cat\u00f3lica de Lovaina)<\/li>\n<\/ul>\n<h3>Cargos actuales<\/h3>\n<ul>\n<li>Profesor en <a href=\"http:\/\/www.dim.uchile.cl\" target=\"_blank\" rel=\"noopener noreferrer\">Departmento de Ingenier\u00eda Matem\u00e1tica<\/a>, Facultad de Ciencias F\u00edsicas y Matem\u00e1ticas, Universidad de Chile<\/li>\n<li>Investigador en el <a href=\"http:\/\/www.cmm.uchile.cl\" target=\"_blank\" rel=\"noopener noreferrer\">CMM Centro de Modelamiento Matem\u00e1tico<\/a><\/li>\n<\/ul>\n<h3>Contacto<\/h3>\n<p>jamaya (at) dim (dot) uchile (dot) cl<br \/>\nTel: +56 2 2978 4451 (oficina)<\/p>\n<p><a href=\"https:\/\/www.researchgate.net\/profile\/Jorge_Amaya4\">ResearchGate Profile<\/a><\/p>\n<p><strong>Direcci\u00f3n postal<br \/>\n<\/strong>Centro de Modelamiento Matem\u00e1tico,<br \/>\nFacultad de Ingenier\u00eda y Ciencias, Universidad de Chile<br \/>\nBeauchef 851, Edificio Norte, piso 7<br \/>\nSantiago, Chile<\/p>\n","protected":false},"excerpt":{"rendered":"<p>Profesor de \u00c1lgebra Lineal y Optimizaci\u00f3n Matem\u00e1tica en la Escuela de Ingenier\u00eda e investigador del Centro de Modelamiento Matem\u00e1tico (CMM) de la Universidad de Chile. Jorge Amaya Ingeniero Matem\u00e1tico (Universidad de Chile) Master en Ciencias Aplicadas (Universidad Cat\u00f3lica de Lovaina) Master en Estad\u00edstica Matem\u00e1tica (CIENES-OEA) Doctorado en Ciencias Aplicadas (Universidad Cat\u00f3lica de Lovaina) Cargos actuales &hellip; <a href=\"https:\/\/personal.cmm.uchile.cl\/jamaya\/es\/acerca\/\" class=\"more-link\">Seguir leyendo <span class=\"screen-reader-text\">Acerca<\/span> <span class=\"meta-nav\">&rarr;<\/span><\/a><\/p>\n","protected":false},"author":2,"featured_media":0,"parent":0,"menu_order":0,"comment_status":"closed","ping_status":"closed","template":"","meta":{"footnotes":""},"class_list":["post-7","page","type-page","status-publish","hentry"],"_links":{"self":[{"href":"https:\/\/personal.cmm.uchile.cl\/jamaya\/wp-json\/wp\/v2\/pages\/7","targetHints":{"allow":["GET"]}}],"collection":[{"href":"https:\/\/personal.cmm.uchile.cl\/jamaya\/wp-json\/wp\/v2\/pages"}],"about":[{"href":"https:\/\/personal.cmm.uchile.cl\/jamaya\/wp-json\/wp\/v2\/types\/page"}],"author":[{"embeddable":true,"href":"https:\/\/personal.cmm.uchile.cl\/jamaya\/wp-json\/wp\/v2\/users\/2"}],"replies":[{"embeddable":true,"href":"https:\/\/personal.cmm.uchile.cl\/jamaya\/wp-json\/wp\/v2\/comments?post=7"}],"version-history":[{"count":7,"href":"https:\/\/personal.cmm.uchile.cl\/jamaya\/wp-json\/wp\/v2\/pages\/7\/revisions"}],"predecessor-version":[{"id":51,"href":"https:\/\/personal.cmm.uchile.cl\/jamaya\/wp-json\/wp\/v2\/pages\/7\/revisions\/51"}],"wp:attachment":[{"href":"https:\/\/personal.cmm.uchile.cl\/jamaya\/wp-json\/wp\/v2\/media?parent=7"}],"curies":[{"name":"wp","href":"https:\/\/api.w.org\/{rel}","templated":true}]}}