{"id":28,"date":"2020-01-27T17:21:13","date_gmt":"2020-01-27T20:21:13","guid":{"rendered":"http:\/\/personal.cmm.uchile.cl\/jamaya\/?page_id=28"},"modified":"2025-07-20T01:04:20","modified_gmt":"2025-07-20T05:04:20","slug":"projects","status":"publish","type":"page","link":"https:\/\/personal.cmm.uchile.cl\/jamaya\/projects\/","title":{"rendered":"Projects"},"content":{"rendered":"<h3><span style=\"color: #000080\"><strong>Some relevant projects (PI)\u00a0<\/strong><\/span><\/h3>\n<h4><span style=\"color: #000080\"><strong>Past projects<\/strong><\/span><\/h4>\n<ul>\n<li style=\"text-align: left\"><span style=\"color: #000080\"><strong>1985-2015: Several projects funded by FONDECYT-CONICYT (the National Agency for Science and Technology).<\/strong><\/span> Optimization and Mathematical Programming. Results: Analytical properties and numerical algorithms.<\/li>\n<li style=\"text-align: left\"><span style=\"color: #000080\"><strong>2000-2003 (co PI): Complex Systems and Industrial Applications, FONDEF-CONICYT. <\/strong><\/span>Modeling with applications to mine planning and telecommunications fraud. Models, algorithms and software prototype.<\/li>\n<li style=\"text-align: left\"><span style=\"color: #000080\"><strong>2002-2004 (co PI): Model development for image processing with medical applications, FONDEF-CONICYT. <\/strong><\/span>Mathematical modeling and software development for image processing and assisted surgery.<\/li>\n<li style=\"text-align: left\"><span style=\"color: #000080\"><strong>2005-2008 (co PI): MODURBAN, Modular Urban Guided Rail Systems, WP16. Contract P6-PLT-516380, VI Framework Programme, European Commission. <\/strong><\/span>Mathematical modeling and software development for the control and optimization of thermal conditions in underground urban transportation systems (Metro).<\/li>\n<li style=\"text-align: left\"><span style=\"color: #000080\"><strong>2005-2008 (co PI): INTEGRAIL, Intelligent Integration of Railway Systems, WP3D_05. Contract PL 012526, VI Framework Programme, European Commission. <\/strong><\/span>Integrated Project in the context of VI Framework Programme, European Commission, with 38 private companies and universities. Design and software for telecommunications protocols in high speed long distance interurban trains.<\/li>\n<li style=\"text-align: left\"><span style=\"color: #000080\"><strong>2007-2010: Complex Systems and Evolutionary computation, with applications to mine planning. FONDEF-CONICYT. <\/strong><\/span>Optimization models for strategic extraction planning in open-pit mines. Models, algorithms and software in a HPC (High Performance Computing) environment.<\/li>\n<li style=\"text-align: left\"><span style=\"color: #000080\"><strong>2009-2010: OPTIMAL CAMP. EL SALVADOR Division, CODELCO-Chile. <\/strong><\/span>Demographic evolution models, health care prediction models, school\u2019s location and educational resources assignment, urban expansion models. Models and software for efficient management of the mine camp.<\/li>\n<li style=\"text-align: left\"><span style=\"color: #000080\"><strong>2008-2011: FCAB-Antofagasta Minerals Railway Co. <\/strong><\/span>Mathematical models and software development for crew scheduling and rostering in the mining industry. Optimization models and practical computational systems.<\/li>\n<li style=\"text-align: left\"><span style=\"color: #000080\"><strong>2011-2013 (co PI): <\/strong><\/span><strong><span style=\"color: #000080\">Development of a Social-Behavior Modeling and Simulation Framework for Assessing Policies in Response to Crisis. Financed by U.S. Air Force &amp; U.S. ARMY.<\/span> <\/strong>Development of mathematical tools for the expansion of fear, with the use of different data sources: the case of the H1N1 pandemic in Chile.<\/li>\n<li style=\"text-align: left\"><span style=\"color: #000080\"><strong>2012-2014 (co PI): OSIRIS, Optimal Strategy to Innovate and Reduce Energy Consumption in Urban Rail Systems. Project 284868, VII Framework Program. European Commission. <\/strong><\/span>With 17 academic and industrial partners, the project aim was to generate models and software for thermal analysis and control in urban underground transportations systems. Models, algorithms and software development.<\/li>\n<li style=\"text-align: left\"><span style=\"color: #000080\"><strong>2013-2014: Network for the development of a software prototype for energy efficiency in urban rail transportation systems. DRI-CONICYT (Programa de Energ\u00edas). <\/strong><\/span>Model and software for energy management in a urban railway network.<\/li>\n<li style=\"text-align: left\"><span style=\"color: #000080\"><strong>2013-2014: Mathematical model and software for energy efficiency in transportation. AChEE-Agencia Chilena de Eficiencia Energ\u00e9tica. <\/strong><\/span>Software for energy balance in urban railway systems. Application to Metro-Santiago and Merval.<\/li>\n<li style=\"text-align: left\"><span style=\"color: #000080\"><strong>2016-2018: Optimal integration of solar energy in the planning and operation of public urban transportation systems. FONDEF-CONICYT. <\/strong><\/span>Mathematical models and computational system for energy balance. The commercial software has been transferred to a private company.<\/li>\n<li style=\"text-align: left\"><span style=\"color: #000080\"><strong>2016-2018: <strong>MORE, <\/strong>Modeling and Optimization of Resources for Education. CORFO-INNOVA. <\/strong><\/span>Mathematical models and computational system for public school\u2019s location and efficient resources assignment. The commercial software has been transferred to a private company.<\/li>\n<li style=\"text-align: left\"><span style=\"color: #000080\"><strong>2016-2018: General algorithms for enrollment prediction in University courses, using big data analysis and machine learning techniques. CORFO-INNOVA. <\/strong><\/span>Models for data analysis and practical computational system. The commercial software has been transferred to a private company.<\/li>\n<li><strong><span style=\"color: #000080\">2020-2020: Prediction models for students enrollement in undergraduate studies. DUOC-UC. <\/span><\/strong><span style=\"color: #000080\"><span style=\"color: #000000\">\u00a0Statistical modeling\u00a0 and computational application.\u00a0<\/span><\/span><\/li>\n<li><strong><span style=\"color: #000080\">2020-2021:<\/span><\/strong><span style=\"color: #000080\"> <strong>SmarTrack, an IA system for ships positioning tracking and prediction. Program AVANTE 2020, Armada de Chile.\u00a0 <\/strong><span style=\"color: #000000\">Models and computer system for spatial data analysis, trajectory prediction and outliers detection.<\/span><\/span><\/li>\n<li><span style=\"color: #000080\"><strong>2022-2023: <span class=\"VIiyi\" lang=\"en\"><span class=\"JLqJ4b ChMk0b\"><span class=\"Q4iAWc\">Optimization models to improve the effectiveness of the work of prevention\u00a0 experts<\/span><\/span><\/span>. ACHS<\/strong><\/span><strong><span style=\"color: #000080\">.<\/span>\u00a0<\/strong> Development and implementation of an optimization model for tasks assignment.<\/li>\n<li><span style=\"color: #000080\"><strong>2023-2024: Modeling and optimization of bifacial photovoltaic panels. <\/strong><\/span><span style=\"color: #000080\"><strong>ENEL.<\/strong> <span style=\"color: #000000\">Modeling and development of an optimal control system for bifacial photovoltaic panels.<\/span><\/span><\/li>\n<li><span style=\"color: #000080\"><strong>2022-2024: <\/strong><\/span><span style=\"color: #000080\"><strong><span class=\"VIiyi\" lang=\"en\"><span class=\"JLqJ4b ChMk0b\"><span class=\"Q4iAWc\">Risk Monitoring System for Mining Tailings Deposits. <\/span><\/span><\/span><\/strong><\/span><span style=\"color: #000080\"><strong>FONDEF-ANID.\u00a0<\/strong> D<span style=\"color: #000000\">evelopment of a monitoring system and indicators for failure risks of inactive\u00a0 tailings deposits, based on satellite information <\/span><\/span>processing.<\/li>\n<li><span style=\"color: #000080\"><strong><span class=\"VIiyi\" lang=\"en\"><span class=\"JLqJ4b ChMk0b\"><span class=\"Q4iAWc\">2022-2024: <\/span><\/span><\/span><span class=\"VIiyi\" lang=\"en\"><span class=\"JLqJ4b ChMk0b\"><span class=\"Q4iAWc\">Computational model for the construction of engineering course timetables.<\/span><\/span><\/span> FCFM-School of Engineering and FACSO (U. of Chile).<\/strong> <span style=\"color: #000000\"><span class=\"VIiyi\" lang=\"en\"><span class=\"JLqJ4b ChMk0b\"><span class=\"Q4iAWc\">Optimization models for the undergraduate timetables and enrollment processes.<\/span><\/span><\/span><\/span><\/span><\/li>\n<\/ul>\n<h4><strong><span style=\"color: #000080\">Ongoing projects<\/span><\/strong><\/h4>\n<ul>\n<li><span style=\"color: #000080\"><strong>2023-2025: Electromobilit\u00e9: gestion des points de charge pour v\u00e9hicules \u00e9lectriques dans les villes et les entreprises. <\/strong><\/span>Programme VII CMP Chili-Wallonie-Bruxelles.<\/li>\n<li><span style=\"color: #333399\"><strong>2024-2025: <span style=\"color: #000080\">FCAB-Antofagasta Minerals Railway Co. <\/span><\/strong><\/span>Modeling and software construction for crew scheduling assignment for mining transportation industry.<\/li>\n<li><strong><span style=\"color: #000080\">2024-2025: SARCAN-<\/span><\/strong>Mathematical modeling and software construction to determine optimal routes and fleet sizes of interurban passenger buses.<\/li>\n<\/ul>\n<h4><strong><span style=\"color: #000080\">In preparation\u00a0<\/span><\/strong><\/h4>\n<ul>\n<li><span style=\"color: #000080\"><strong>2023-2025: Monitoring of peatlands, terrestrial and marine forests: emerging ecosystems for carbon-neutrality. AGCID-EU<\/strong><\/span><span style=\"color: #000080\"><strong>. <\/strong><\/span>Multidisciplinary approach for the characterization of carbon accumulation in peatlands, marine and terrestrial forests through robust analytics using sensors, satellite information and field data.<\/li>\n<li><span style=\"color: #000080\"><strong>2025-2029: <span class=\"HwtZe\" lang=\"en\"><span class=\"jCAhz ChMk0b\"><span class=\"ryNqvb\">Using Artificial Intelligence for the optimal location and sizing of charging stations to promote electromobility<\/span><\/span><\/span>. ANID-FONDEF.\u00a0<\/strong><\/span>Uso de inteligencia artificial para la localizaci\u00f3n y dimensionamiento \u00f3ptimo de estaciones de carga para el fomento de la electromovilidad.<\/li>\n<\/ul>\n","protected":false},"excerpt":{"rendered":"<p>Some relevant projects (PI)\u00a0 Past projects 1985-2015: Several projects funded by FONDECYT-CONICYT (the National Agency for Science and Technology). Optimization and Mathematical Programming. Results: Analytical properties and numerical algorithms. 2000-2003 (co PI): Complex Systems and Industrial Applications, FONDEF-CONICYT. Modeling with applications to mine planning and telecommunications fraud. Models, algorithms and software prototype. 2002-2004 (co PI): &hellip; <a href=\"https:\/\/personal.cmm.uchile.cl\/jamaya\/projects\/\" class=\"more-link\">Seguir leyendo <span class=\"screen-reader-text\">Projects<\/span> <span class=\"meta-nav\">&rarr;<\/span><\/a><\/p>\n","protected":false},"author":2,"featured_media":0,"parent":0,"menu_order":1,"comment_status":"closed","ping_status":"closed","template":"","meta":{"footnotes":""},"class_list":["post-28","page","type-page","status-publish","hentry"],"_links":{"self":[{"href":"https:\/\/personal.cmm.uchile.cl\/jamaya\/wp-json\/wp\/v2\/pages\/28","targetHints":{"allow":["GET"]}}],"collection":[{"href":"https:\/\/personal.cmm.uchile.cl\/jamaya\/wp-json\/wp\/v2\/pages"}],"about":[{"href":"https:\/\/personal.cmm.uchile.cl\/jamaya\/wp-json\/wp\/v2\/types\/page"}],"author":[{"embeddable":true,"href":"https:\/\/personal.cmm.uchile.cl\/jamaya\/wp-json\/wp\/v2\/users\/2"}],"replies":[{"embeddable":true,"href":"https:\/\/personal.cmm.uchile.cl\/jamaya\/wp-json\/wp\/v2\/comments?post=28"}],"version-history":[{"count":60,"href":"https:\/\/personal.cmm.uchile.cl\/jamaya\/wp-json\/wp\/v2\/pages\/28\/revisions"}],"predecessor-version":[{"id":133,"href":"https:\/\/personal.cmm.uchile.cl\/jamaya\/wp-json\/wp\/v2\/pages\/28\/revisions\/133"}],"wp:attachment":[{"href":"https:\/\/personal.cmm.uchile.cl\/jamaya\/wp-json\/wp\/v2\/media?parent=28"}],"curies":[{"name":"wp","href":"https:\/\/api.w.org\/{rel}","templated":true}]}}