{"id":17,"date":"2020-01-27T17:02:47","date_gmt":"2020-01-27T20:02:47","guid":{"rendered":"http:\/\/personal.cmm.uchile.cl\/jamaya\/?page_id=17"},"modified":"2020-01-30T17:20:34","modified_gmt":"2020-01-30T20:20:34","slug":"publicaciones","status":"publish","type":"page","link":"https:\/\/personal.cmm.uchile.cl\/jamaya\/es\/publicaciones\/","title":{"rendered":"Publicaciones y Congresos"},"content":{"rendered":"<h2>Publicaciones<\/h2>\n<ol>\n<li>Amaya, J. On the convergence of curvilinear search algorithms in unconstrained minimization. <em>Operations Research Letters,<\/em> 4(1), 1985.<\/li>\n<li>Amaya, J. The Armijo step rule adapted to gradient path algorithms. In: Lecture Notes in Control and Information Sciences. Recent Advances in System Modeling and Optimization, ISBN 3-540-17083-9 Springer Verlag, pp. 1-6, 1987.<\/li>\n<li>Amaya, J. A differential equations approach to function minimization. <em>Revista de Matem\u00e1ticas Aplicadas,<\/em> 4(1-7), 1987.<\/li>\n<li>Amaya, J. Convergence of curvilinear search algorithms to second order points. <em>Revista de Matem\u00e1ticas Aplicadas,<\/em> 10(71-79), 1989.<\/li>\n<li>Amaya, J. Numerical experiments with the affine scaling algorithm on degenerate linear programming problems. <em>Optimization,<\/em> 27(51\u201162), 1993.<\/li>\n<li>Amaya, J. On the symmetric affine scaling algorithm for linear programming. <em>Optimization<\/em>, 32(147-158), 1995. PDF<\/li>\n<li>Amaya, J. and G. de Ghellinck. Duality for inexact linear programming problems. <em>Optimization<\/em>, 39(137-150), 1997.<\/li>\n<li>Amaya, J. Los desaf\u00edos de estructuraci\u00f3n en la sociedad de la informaci\u00f3n. En: <em>Hacia la Sociedad de la Informaci\u00f3n: Desaf\u00edos del Sistema Estad\u00edstico Chileno<\/em>. Editorial INE, 1999.<\/li>\n<li>Amaya, J. y J. A. G\u00f3mez. Strong duality for inexact linear programming. <em>Optimization<\/em>, vol. 49, pp. 243-269, 2001.<\/li>\n<li>Soto, L., R. Sanchez and J. Amaya. Target Data Projection in Multivariate Visualization: an Application to Mine Planning. In: Computational Science and its Applications &#8211; ICCSA 2004-Pt 2. <em>Lecture Notes in Computer Science<\/em>, 0302-9743(3044): pp. 603 -612, 2004.<\/li>\n<li>Amaya, J., P. Cartigny and A. Rapapport. El modelamiento matem\u00e1tico aplicado al estudio de los recursos marinos y su manejo. En: <em>Valoraci\u00f3n, uso y perspectivas de la biodiversidad marina<\/em>, pp. 211-233, Ed. Universitaria, Santiago, 2005.<\/li>\n<li>G\u00f3mez, J. A., P. Bosch and J. Amaya. Duality for Inexact Semi-Infinite Linear Programming. <em>Optimization<\/em>, vol. 54, pp. 1-25, 2005.<\/li>\n<li>Amaya, J. and M. A. Goberna. On the stability for Linear Systems with an Exact Constraint Set. <em>Mathematical Methods for Operations Research<\/em>, 63, pp. 107-121, 2006.<\/li>\n<li>Ferland, J., J. Amaya and M. S. Djuimo. Particle Swarm Procedure for the Capacitated Open Pit Mining Problem. Autonomous Robots and Agents, <em>Studies in Computational Intelligence<\/em>, Springer Verlag, 2007.<\/li>\n<li>Amaya, J., P. Bosch and M. A. Goberna. Stability of the feasible set mapping of linear systems with an exact constraint set. <em>Set Valued Analysis<\/em>, 16, No. 5-6, pp. 621-635, 2008.<\/li>\n<li>Maureira, J.C., P. Uribe, O. Dalle, T. Asahi and J. Amaya. Component based approach using OMNeT++ for train communication modeling. Proceedings: ITST2009, <em>International Conference on Intelligent Transport Systems Telecommunications<\/em>, Lille, France, 2009.<\/li>\n<li>Amaya, J., D. Espinoza, Goycoolea, M., E. Moreno, Th. Pr\u00e9vost and E. Rubio. A scalable approach to optimal block scheduling. In: Proceedings APCOM 2009, <em>Applications of Computers on Mining Industry<\/em>, Vancouver, Canada, 2009.<\/li>\n<li>Alvarez, F., J. Amaya, A. Griewank and N. Strogies. A continuous framework for open pit mine planning. <em>Mathematical Methods for Operations Research<\/em>, Vol 73, pp 29-54, 2011.<\/li>\n<li>Lagos, G., D. Espinoza, E. Moreno and J. Amaya. Robust planning for an open-pit mining problem under ore-grade uncertainty. In Proceedings LAGOS 2011\u2013VI Latin-American Algorithms, Graphs and Optimization Symposium, <em>Electronic Notes on Discrete Mathematics<\/em>, Vol 37, pp 15-20, 2011.<\/li>\n<li>Julio, C., J. Amaya, A. Lamghari and N. Morales. Optimal Economic Envelope of Joint Open-Pit and Underground Mines. In. Proceedings APCOM2015, <em>Applications of Computers on Mining Industry<\/em>, Fairbanks, Alaska, pp. 343-351, 2015.<\/li>\n<li>Amaya, J., D. Peeters, P. Uribe and J-P. Valenzuela. Optimization modeling for resource allocation in the Chilean public educational system. <em>IRSR-International Regional Science Review, <\/em> 39(2) 155-176, 2016.<\/li>\n<li>Saavedra-Rosas, J., E. J\u00e9lvez, J. Amaya and N. Morales. Optimizing Open Pit Block Scheduling with Exposed Ore Reserve. <em>Journal of Southern African Institute of Mining and Metallurgy<\/em>. Vol. 116, pp 655-662, July 2016.<\/li>\n<li>Molina, E. and J. Amaya. Analytical properties of the feasible and optimal profiles in the binary programming formulation of open pit. In Proceedings APCOM2017, <em>Applications of Computers on Mining Industry<\/em>, pp. (17)25 \u201332, Golden-Colorado, 2017.<\/li>\n<li>Molina, E. and J. Amaya. Characterizing the optimal profile of the open pit problem in the continuous framework. In Proceedings APCOM2017, <em>Applications of Computers on Mining Industry<\/em>, pp. (17)33 \u201340, Golden-Colorado, 2017.<\/li>\n<li>Silva, JD., J. Amaya, and F. Basso. Developing a predictive model of fragmentation using drilling and blasting data in open pit mining. <em>Journal of Southern African Institute of Mining and Metallurgy<\/em>. Vol. 117, Nov. 2017.<\/li>\n<li>Amaya, J. and P. Uribe. A model and computational tool for crew scheduling in train transportation of mine materials by using a local search strategy. <em>TOP-Journal of the Spanish Society of Statistics and Operations Research.<\/em> (26)383-402, 2018.<\/li>\n<li>Hofst\u00e4dter, R., J. Amaya and M. Kozek. Energy optimal control of thermal comfort in trams<em>. Applied Thermal Engineering<\/em>. 143 (2018) 812-821, 2018. <a href=\"http:\/\/personal.cmm.uchile.cl\/jamaya\/wp-content\/uploads\/sites\/6\/2020\/01\/HofstadterAmayaKozek1-s2.0-S1359431117378201-main.pdf\" target=\"_blank\" rel=\"noopener noreferrer\">PDF<\/a><\/li>\n<li>Amaya, J., C. Hermosilla and E. Molina. Optimality conditions for the continuous model of the final open pit problem. \u00a0<em>Optimization Letters<\/em>, Dec. 2019. <a href=\"https:\/\/doi.org\/10.1007\/s11590-019-01516-8\" target=\"_blank\" rel=\"noopener noreferrer\">https:\/\/doi.org\/10.1007\/s11590-019-01516-8<\/a><\/li>\n<li>Amaya, J. Optimizaci\u00f3n para estudiantes de Ingenier\u00eda. Monography, <em>Department of Mathematical Engineering<\/em>, 2019. <a href=\"http:\/\/personal.cmm.uchile.cl\/jamaya\/wp-content\/uploads\/sites\/6\/2020\/01\/Master-Todo-Agosto2019.pdf\" target=\"_blank\" rel=\"noopener noreferrer\">PDF<\/a><\/li>\n<\/ol>\n<h2>Congresos<\/h2>\n<ul>\n<li>TBA<\/li>\n<\/ul>\n","protected":false},"excerpt":{"rendered":"<p>Publicaciones Amaya, J. On the convergence of curvilinear search algorithms in unconstrained minimization. Operations Research Letters, 4(1), 1985. Amaya, J. The Armijo step rule adapted to gradient path algorithms. In: Lecture Notes in Control and Information Sciences. Recent Advances in System Modeling and Optimization, ISBN 3-540-17083-9 Springer Verlag, pp. 1-6, 1987. Amaya, J. A differential &hellip; <a href=\"https:\/\/personal.cmm.uchile.cl\/jamaya\/es\/publicaciones\/\" class=\"more-link\">Seguir leyendo <span class=\"screen-reader-text\">Publicaciones y Congresos<\/span> <span class=\"meta-nav\">&rarr;<\/span><\/a><\/p>\n","protected":false},"author":2,"featured_media":0,"parent":0,"menu_order":3,"comment_status":"closed","ping_status":"closed","template":"","meta":{"footnotes":""},"class_list":["post-17","page","type-page","status-publish","hentry"],"_links":{"self":[{"href":"https:\/\/personal.cmm.uchile.cl\/jamaya\/wp-json\/wp\/v2\/pages\/17","targetHints":{"allow":["GET"]}}],"collection":[{"href":"https:\/\/personal.cmm.uchile.cl\/jamaya\/wp-json\/wp\/v2\/pages"}],"about":[{"href":"https:\/\/personal.cmm.uchile.cl\/jamaya\/wp-json\/wp\/v2\/types\/page"}],"author":[{"embeddable":true,"href":"https:\/\/personal.cmm.uchile.cl\/jamaya\/wp-json\/wp\/v2\/users\/2"}],"replies":[{"embeddable":true,"href":"https:\/\/personal.cmm.uchile.cl\/jamaya\/wp-json\/wp\/v2\/comments?post=17"}],"version-history":[{"count":7,"href":"https:\/\/personal.cmm.uchile.cl\/jamaya\/wp-json\/wp\/v2\/pages\/17\/revisions"}],"predecessor-version":[{"id":72,"href":"https:\/\/personal.cmm.uchile.cl\/jamaya\/wp-json\/wp\/v2\/pages\/17\/revisions\/72"}],"wp:attachment":[{"href":"https:\/\/personal.cmm.uchile.cl\/jamaya\/wp-json\/wp\/v2\/media?parent=17"}],"curies":[{"name":"wp","href":"https:\/\/api.w.org\/{rel}","templated":true}]}}