{"id":20,"date":"2019-01-24T20:03:53","date_gmt":"2019-01-25T00:03:53","guid":{"rendered":"http:\/\/personal.cmm.uchile.cl\/axosses\/?page_id=20"},"modified":"2020-09-17T21:42:18","modified_gmt":"2020-09-18T01:42:18","slug":"projects","status":"publish","type":"page","link":"https:\/\/personal.cmm.uchile.cl\/axosses\/projects\/","title":{"rendered":"Projects"},"content":{"rendered":"<h2>Current projects<\/h2>\n<ul>\n<li><em>2020-2024 Fondecyt Regular 1201311.<\/em> <strong><em>Cortical bone assessment using ultrasonic guided waves: Towards a robust clinical measurement<\/em><\/strong>, Co-PI (PI J.-G. Minonzio, UV)<\/li>\n<li><em>2019-2022 Fondecyt Regular 1191903. <strong>Mathematical Inverse Problems in Photon Transport, Elasticity Imaging and Wave Propagation, Applications to Biomedical Images and Earth Sciences<\/strong><\/em>. Director, Co-PI Mat\u00edas Courdurier (PUC)<\/li>\n<li><em>2018-2020 <strong>N\u00facleo Milenio en Resonancia Magn\u00e9tica Cardiovascular<\/strong>.<\/em> Miembro.<br \/>\nDirector S. Uribe, CIB-PUC.<\/li>\n<li><em>2018-2020 Math-Amsud Math-Geo 18-MATH-04 <strong>Mathematical methods for Geophysical flows<\/strong><\/em>. Director in Chile, General Director D. Sciamarella, CNRS-Conicet-UBA.<\/li>\n<li><em>2019-2021 <strong>Basal Center for Mathematical Modeling<\/strong> CMM<\/em>. Associated Member<\/li>\n<li><em>2018-2022 <strong>Fondap Center for Climate Change and Resilience<\/strong> CR2<\/em>. Member, Director Maisa Rojas, Geophysics Dept. U. Chile<\/li>\n<\/ul>\n<h2>Finished projects<\/h2>\n<ul>\n<li><em>2009-2018 Basal Center for Mathematical Modeling CMM<\/em>. Associated Member<\/li>\n<li><em>2013-2017 Fondap Center for Climate Change and Resilience CR2<\/em>. Miembro Asociado, Director L. Gallardo, Geophysics Dept. U. Chile<\/li>\n<li><em>2015-2018 Fondecyt-CONICYT 1151512 Inverse Problems in Physical Sciences <\/em><br \/>\n<em>and Engineering<\/em>. Personal Project. Director<\/li>\n<li><em>2016-2017 Ecos C14U01 Estimating black carbon emissions by assimilating aerosol<\/em><br \/>\n<em>absorption optical depth<\/em>. Member, Director N. Hunneus, Geophysics Dept. U. Chile<\/li>\n<li><em>2015-2016 Math-Amsud SOCDE 15MATH-02 Sparse Optimal Control of Differential Equations: Algorithms and Applications<\/em>. Associated Member, Director P. Gajardo UTFSM<\/li>\n<li><em>2014-2015 Math-Amsud COSIP 14MATH-03 Control Systems and Identification Problems<\/em>. Associate Member. Director E. Cerpa UTFSM<\/li>\n<li><em>2013-2015 Anillo-ACPA Analysis of Control Problems and Applications<\/em>. Associate Member. Director E. Hern\u00e1<em>ndez UTFSM<\/em><\/li>\n<li><em>2011-2014 FONDECYT-CONICYT 1110290 Inverse Problems in Partial Differential Equations with Applications<\/em><\/li>\n<li><em>2009-2011 CONICYT-CNRS-CMM-MathAmsud. Controllability and inverse problems in PDE&#8217;s (CIP-PDE)<\/em>. Director. Director in France: Jean-Michel Coron, Paris 6.<\/li>\n<li><em>2007-2011 ICDB Instituto de Din\\&#8217;amica Celular y Biotecnolog\u00eda<\/em>. Member of the Mathematical Modeling group<\/li>\n<li><em>2005-2009 FONDAP-CONICYT 15000001 Center for Mathematical Modeling CMM<\/em>. Associate Member<\/li>\n<li><em>2007-2009 FONDEF D05LI0211 Herramientas para la Formaci\u00f3n de Profesores de Matem\u00e1ticas<\/em>. Member<\/li>\n<li><em>2006-2010 SAEMC-IAI South American Emissions, Megacities and Climate:<\/em><br \/>\n<em>Bogot\u00e1, Buenos Aires, Rio de Janeiro, Santiago, Sao Paulo<\/em>. IAI Inter American Institute for Global Change. Responsable Laura Gallardo. Member (co-PI)<\/li>\n<li><em>2006-2009 FONDECYT-CONICYT 1061263 Global Carleman Inequalities in Controllability and Inverse Problems<\/em><\/li>\n<li><em>2005-2007 ECOS-CONICYT CO4E08 Controllability and Inverse Problems.<\/em> French-Chilean Cooperation Project. French Director: O. Kavian (U. Versailles). Chilean director<\/li>\n<li><em>2007-2009 CONICYT-INRIA-STIC-Amsud. Air quality prediction with data assimilation Argentina-Chile-France<\/em>. General Director<\/li>\n<li><em>2003-2005 FONDECYT-CONICYT 1030808-7030059-7040165 Controlability of PDE&#8217;s, Unique Continuation, Carleman Inequalities and Applications<\/em><\/li>\n<li><em>2000-2005 FONDAP-CONICYT 15000001 Center for Mathematical Modeling<\/em>. Member<\/li>\n<li><em>2003-2006 CNRS-ACI Mod\u00e9lisation math\u00e9matique et num\u00e9rique du<\/em><br \/>\n<em>syst\u00e8me respiratoire.<\/em> French Responsable: Marc Briane. Chilean team member<\/li>\n<li><em>2004 UMESAM-IAI Urban Mobile Emissions in South America Mega Cities: Bogot\u00e1, Buenos Aires, Lima, Rio de Janeiro, Santiago, Sao Paulo<\/em>. IAI InterAmerican Institute<br \/>\nfor Global Change. Responsable: Laura Gallardo. Member (co-PI)<\/li>\n<li><em>2002-2004 ECOS-CONICYT CO1E02 Partial Differential Equations in Mechanics and Physics. Modeling, Control and Scientific Computation<\/em>. French-Chilean Cooperation Project. Chilean director, J.-P. Puel French director.<\/li>\n<li><em>2001-2003 FONDEF D00I 1068 Interface dynamic models in fusion, conversion and refinement in Teniente Copper Converter.<\/em> Applied Mathematics Project. Member<\/li>\n<li><em>2000-2002 FONDECYT-CONICYT 1000955-7000955 Theoretical and Numerical Study of Controllability in Fluid-Structure Interaction Systems<\/em><\/li>\n<\/ul>\n","protected":false},"excerpt":{"rendered":"<p>Current projects 2020-2024 Fondecyt Regular 1201311. Cortical bone assessment using ultrasonic guided waves: Towards a robust clinical measurement, Co-PI (PI J.-G. Minonzio, UV) 2019-2022 Fondecyt Regular 1191903. Mathematical Inverse Problems in Photon Transport, Elasticity Imaging and Wave Propagation, Applications to Biomedical Images and Earth Sciences. Director, Co-PI Mat\u00edas Courdurier (PUC) 2018-2020 N\u00facleo Milenio en Resonancia &hellip; <a href=\"https:\/\/personal.cmm.uchile.cl\/axosses\/projects\/\" class=\"more-link\">Continue reading <span class=\"screen-reader-text\">Projects<\/span> <span class=\"meta-nav\">&rarr;<\/span><\/a><\/p>\n","protected":false},"author":2,"featured_media":0,"parent":0,"menu_order":5,"comment_status":"closed","ping_status":"closed","template":"","meta":{"footnotes":""},"class_list":["post-20","page","type-page","status-publish","hentry"],"_links":{"self":[{"href":"https:\/\/personal.cmm.uchile.cl\/axosses\/wp-json\/wp\/v2\/pages\/20","targetHints":{"allow":["GET"]}}],"collection":[{"href":"https:\/\/personal.cmm.uchile.cl\/axosses\/wp-json\/wp\/v2\/pages"}],"about":[{"href":"https:\/\/personal.cmm.uchile.cl\/axosses\/wp-json\/wp\/v2\/types\/page"}],"author":[{"embeddable":true,"href":"https:\/\/personal.cmm.uchile.cl\/axosses\/wp-json\/wp\/v2\/users\/2"}],"replies":[{"embeddable":true,"href":"https:\/\/personal.cmm.uchile.cl\/axosses\/wp-json\/wp\/v2\/comments?post=20"}],"version-history":[{"count":7,"href":"https:\/\/personal.cmm.uchile.cl\/axosses\/wp-json\/wp\/v2\/pages\/20\/revisions"}],"predecessor-version":[{"id":329,"href":"https:\/\/personal.cmm.uchile.cl\/axosses\/wp-json\/wp\/v2\/pages\/20\/revisions\/329"}],"wp:attachment":[{"href":"https:\/\/personal.cmm.uchile.cl\/axosses\/wp-json\/wp\/v2\/media?parent=20"}],"curies":[{"name":"wp","href":"https:\/\/api.w.org\/{rel}","templated":true}]}}