{"id":167,"date":"2019-12-11T22:48:57","date_gmt":"2019-12-12T02:48:57","guid":{"rendered":"http:\/\/personal.cmm.uchile.cl\/axosses\/?page_id=167"},"modified":"2019-12-20T08:47:15","modified_gmt":"2019-12-20T12:47:15","slug":"breve-bio","status":"publish","type":"page","link":"https:\/\/personal.cmm.uchile.cl\/axosses\/es\/breve-bio\/","title":{"rendered":"Breve bio"},"content":{"rendered":"<h3>Axel Osses<\/h3>\n<p>Ingeniero Civil Matem\u00e1tico de la Universidad de Chile (1994), obtuvo el grado de \u00a0Master (D.E.A.) en An\u00e1lisis Num\u00e9rico, C\u00e1lculo Cient\u00edfico y EDP No-Lineales en la Universit\u00e9 Pierre et Marie Curie (1995) y de Doctor en Matem\u00e1ticas Aplicadas de la Ecole Polytechnique en Paris, Francia, en 1998.<\/p>\n<p>El a\u00f1o 1999 se incorpora como investigador en la Facultad de Ciencias F\u00edsicas y Matem\u00e1ticas de la Universidad de Chile, siendo promovido al grado de profesor Titular el a\u00f1o 2013 y como miembro asociado del Centro de Modelamiento Matem\u00e1tico desde el a\u00f1o 2000. Se ha desempe\u00f1ado en diversos cargos de responsabilidad como Jefe Docente, Director y subdirector de Departamento, Consejero de Facultad electo dos veces, miembro del Comit\u00e9 de Evaluaci\u00f3n de Facultad y varias veces electo como miembro del Consejo de Departamento y del Comit\u00e9 Cient\u00edfico del Centro de Modelamiento Matem\u00e1tico.<\/p>\n<p>Adem\u00e1s de las becas obtenidas durante sus estudios de pregrado y de doctorado (premio Angel Faivovich al mejor estudiante del Instituto Nacional, beca Alpha de la Comunidad Econ\u00f3mica Europea y beca Presidente de la Rep\u00fablica de Chile), durante su carrera ha recibido diversos reconocimientos entre los que se cuenta puesto rojo del CNRS el 2005 y premio al mejor docente de la Universidad en 2013. Ha sido profesor visitante en diversas universidades (en Estados Unidos y Europa) e invitado como charlista a diversos congresos internacionales (en Estados Unidos, Europa, Asia y Am\u00e9rica Latina) y nacionales (CMM, DGF, DAS, PUC, UTFSM, SOMACHI, SUMA).<\/p>\n<p>Su l\u00ednea de investigaci\u00f3n principal ha sido la del control y los problemas inversos en Ecuaciones en Derivadas Parciales. Ha propiciado el desarrollo de importantes aplicaciones en geof\u00edsica, medicina y astronom\u00eda y ha formado a investigadores j\u00f3venes con capacidades para innovar en esta \u00e1rea y sus aplicaciones. As\u00ed, \u00a0ha publicado 52 art\u00edculos originales indexados en WoS, con un \u00edndice h de 12 y 525 citas. En Scholar Google tiene un \u00edndice h de 17 con 1053 citas. Sus art\u00edculos son de matem\u00e1ticas te\u00f3ricas (en el tema de control y problemas inversos de EDP\u2019s usando desigualdades de Carleman, propagaci\u00f3n de ondas y transporte de fotones, adem\u00e1s de an\u00e1lisis matem\u00e1tico de problemas fluido-estuctura y multiescala) y en aplicaciones de las matem\u00e1ticas en geof\u00edsica (contaminaci\u00f3n atmosf\u00e9rica, s\u00edsmica y flexura lit\u00f3sferica), medicina (medicina nuclear, MRI, microscop\u00eda y gen\u00f3mica) y astronom\u00eda (interferometr\u00eda y discos protoplanetarios).<\/p>\n<p>Ha dirigido 11 tesis de PhD (8 terminadas y 3 en curso) y algunos de estos alumnos graduados son actualmente investigadores acad\u00e9micos en Chile (Universidad T\u00e9cnica Federico Santa Mar\u00eda, Universidad de Santiago) o el extranjero (CNRS).\u00a0 Tambi\u00e9n ha dirigido 21 tesis de Ingenier\u00eda Matem\u00e1tica, 16 de ellas terminadas, 9 de ellas simult\u00e1neas con Mag\u00edster y ha co-dirigido 7 tesis de Mag\u00edster en otras disciplinas todas ellas terminadas.<\/p>\n<p>Ha dirigido 5 proyectos Fondecyt regulares consecutivos y 5 proyectos de cooperaci\u00f3n regional con Francia (2 ECOS-Sud, 1 STIC-Amsud y 2 MathAmsud). Participa y ha participado activamente como investigador en variados proyectos de otras \u00e1reas incluyendo: geof\u00edsica, biotecnolog\u00eda, cambio clim\u00e1tico, aplicaciones m\u00e9dicas y educaci\u00f3n matem\u00e1tica (FONDAP, FONDEF, Institutos y N\u00facleos Milenio, Anillo, ECOS, MathAmsud, IAI). Ha sido miembro del Centro de Modelamiento Matem\u00e1tico desde sus inicios y en sus etapas Fondap 2000-2009, Basal 2009-2018 y puente-Basal 2019-2021. Su red de colaboradores incluye investigadores de Chile, Argentina, Brasil, Francia, Espa\u00f1a, Inglaterra, Australia, Pa\u00edses Bajos, Finlandia y Estados Unidos.<\/p>\n<p>Desde el a\u00f1o 2004 ha organizado sistem\u00e1ticamente eventos internacionales: en el periodo 2004-2007, tres eventos sobre matem\u00e1ticas, asimilaci\u00f3n de datos y poluci\u00f3n atmosf\u00e9rica. En el periodo 2010-2015, cinco eventos para la comunidad cient\u00edfica internacional de problemas inversos. En el periodo 2018-2019 dos eventos internacionales en aplicaciones de la matem\u00e1tica y problemas inversos a problemas de im\u00e1genes biom\u00e9dicas.<\/p>\n<p>En el \u00e1mbito de la divulgaci\u00f3n cient\u00edfica, cre\u00f3 la serie de videos cient\u00edficos <em>Bellos Conceptos, un paseo po\u00e9tico por las matem\u00e1ticas<\/em>. Una producci\u00f3n de video para p\u00fablico general sobre cinco conceptos matem\u00e1ticos con la conducci\u00f3n de Cristi\u00e1n Warnken que puede encontrarse libremente en youtube. Fue tambi\u00e9n editor del libro <em>50 a\u00f1os Construyendo la Ingenier\u00eda Matem\u00e1tica en Chile<\/em>, editado en 750 copias, 168 p\u00e1ginas en Santiago de Chile, 2015, que relata la g\u00e9nesis de la Ingenier\u00eda Matem\u00e1tica en Chile. Es tambi\u00e9n autor del libro <em>An\u00e1lisis Num\u00e9rico<\/em> orientado como herramienta para profesores de matem\u00e1ticas, Editorial J.C. S\u00e1ez, 2000 copias, 168 p\u00e1ginas, 2011 que desarrolla aplicaciones como la aproximaci\u00f3n del n\u00famero <em>pi<\/em> y la resoluci\u00f3n de sistemas lineales para resolver problemas de matrices m\u00e1gicas y tomograf\u00eda m\u00e9dica.<\/p>\n","protected":false},"excerpt":{"rendered":"<p>Axel Osses Ingeniero Civil Matem\u00e1tico de la Universidad de Chile (1994), obtuvo el grado de \u00a0Master (D.E.A.) en An\u00e1lisis Num\u00e9rico, C\u00e1lculo Cient\u00edfico y EDP No-Lineales en la Universit\u00e9 Pierre et Marie Curie (1995) y de Doctor en Matem\u00e1ticas Aplicadas de la Ecole Polytechnique en Paris, Francia, en 1998. El a\u00f1o 1999 se incorpora como investigador &hellip; <a href=\"https:\/\/personal.cmm.uchile.cl\/axosses\/es\/breve-bio\/\" class=\"more-link\">Continue reading <span class=\"screen-reader-text\">Breve bio<\/span> <span class=\"meta-nav\">&rarr;<\/span><\/a><\/p>\n","protected":false},"author":5,"featured_media":0,"parent":0,"menu_order":3,"comment_status":"closed","ping_status":"closed","template":"","meta":{"footnotes":""},"class_list":["post-167","page","type-page","status-publish","hentry"],"_links":{"self":[{"href":"https:\/\/personal.cmm.uchile.cl\/axosses\/wp-json\/wp\/v2\/pages\/167","targetHints":{"allow":["GET"]}}],"collection":[{"href":"https:\/\/personal.cmm.uchile.cl\/axosses\/wp-json\/wp\/v2\/pages"}],"about":[{"href":"https:\/\/personal.cmm.uchile.cl\/axosses\/wp-json\/wp\/v2\/types\/page"}],"author":[{"embeddable":true,"href":"https:\/\/personal.cmm.uchile.cl\/axosses\/wp-json\/wp\/v2\/users\/5"}],"replies":[{"embeddable":true,"href":"https:\/\/personal.cmm.uchile.cl\/axosses\/wp-json\/wp\/v2\/comments?post=167"}],"version-history":[{"count":2,"href":"https:\/\/personal.cmm.uchile.cl\/axosses\/wp-json\/wp\/v2\/pages\/167\/revisions"}],"predecessor-version":[{"id":293,"href":"https:\/\/personal.cmm.uchile.cl\/axosses\/wp-json\/wp\/v2\/pages\/167\/revisions\/293"}],"wp:attachment":[{"href":"https:\/\/personal.cmm.uchile.cl\/axosses\/wp-json\/wp\/v2\/media?parent=167"}],"curies":[{"name":"wp","href":"https:\/\/api.w.org\/{rel}","templated":true}]}}