{"id":157,"date":"2019-12-11T22:39:45","date_gmt":"2019-12-12T02:39:45","guid":{"rendered":"http:\/\/personal.cmm.uchile.cl\/axosses\/?page_id=157"},"modified":"2025-06-18T14:55:19","modified_gmt":"2025-06-18T18:55:19","slug":"difusion","status":"publish","type":"page","link":"https:\/\/personal.cmm.uchile.cl\/axosses\/es\/difusion\/","title":{"rendered":"Difusi\u00f3n"},"content":{"rendered":"<ul>\n<li><em>Cambio clim\u00e1tico: aprender de la complejidad<\/em>. L. Gallardo, A. Osses, A. Urquiza y otros autores, Colecci\\&#8217;on Saberes, Editorial Universitaria, Universidad de Chile, Editores: L. Gallardo, A. Osses, A. Urquiza., 144 p., 2024. ISBN 978-956-11-3053-1 (impreso), 978-956-11-3054-8 (digital). <a href=\"https:\/\/www.universitaria.cl\/product\/cambio-climatico-aprender-de-la-complejidad\">Link<\/a><\/li>\n<li><em>Ecuaciones Diferenciales<\/em>, Fondo Rector Juvenal Hern\\&#8217;andez, Editorial Universitaria, Universidad de Chile, 215 p., 2025. ISBN 978-956-11-3093-7 (impreso), 978-956-11-3094-4 (digital). <a href=\"https:\/\/www.universitaria.cl\/product\/ecuaciones-diferenciales\">Link<\/a><\/li>\n<li><em>Bellos Conceptos, un paseo po\u00e9tico por las matem\u00e1ticas<\/em>. Serie de videos cient\u00edficos. Una producci\u00f3n de video para p\u00fablico general sobre cinco conceptos matem\u00e1ticos con la conducci\u00f3n de Cristi\u00e1n Warnken que puede encontrarse libremente aqu\u00ed:\u00a0 <a href=\"https:\/\/uchile.cl\/videos\/118736\/video-bellos-conceptos-un-paseo-poetico-por-las-matematicas\">Link al Video<\/a><\/li>\n<li>Libro <em>50 a\u00f1os Construyendo la Ingenier\u00eda Matem\u00e1tica en Chile<\/em>, editado en 750 copias, 168 p\u00e1ginas en Santiago de Chile, 2015, que relata la g\u00e9nesis de la Ingenier\u00eda Matem\u00e1tica en Chile. <a href=\"http:\/\/www.dim.uchile.cl\/~axosses\/DIM_50.pdf\">Link al libro pdf<\/a><\/li>\n<li>Libro <em>An\u00e1lisis Num\u00e9rico<\/em> orientado como herramienta para profesores de matem\u00e1ticas, Editorial J.C. S\u00e1ez, 2000 copias, 168 p\u00e1ginas, 2011 que desarrolla aplicaciones como la aproximaci\u00f3n del n\u00famero <em>pi<\/em> y la resoluci\u00f3n de sistemas lineales para resolver problemas de matrices m\u00e1gicas y tomograf\u00eda m\u00e9dica. <a href=\"https:\/\/www.antartica.cl\/antartica\/servlet\/LibroServlet?action=fichaLibro&amp;id_libro=126364\">Librer\u00eda Ant\u00e1rtica<\/a>, <a href=\"http:\/\/www.digitaliapublishing.com\/a\/13543\/analisis-numerico\">Digitalia Hisp\u00e1nica<\/a> (<a title=\"software\" href=\"http:\/\/www.cmm.uchile.cl\/~axosses\/book.html\">programas asociados<\/a>)<\/li>\n<li><em>L\u00ednea de Tiempo: <\/em><em>50 a\u00f1os del Departamento de Ingenier\u00eda Matem\u00e1tica.<\/em> <a href=\"http:\/\/www.dim.uchile.cl\/departamento\/111876\/cronologia\">Link a la L\u00ednea de Tiempo<\/a><\/li>\n<\/ul>\n","protected":false},"excerpt":{"rendered":"<p>Cambio clim\u00e1tico: aprender de la complejidad. L. Gallardo, A. Osses, A. Urquiza y otros autores, Colecci\\&#8217;on Saberes, Editorial Universitaria, Universidad de Chile, Editores: L. Gallardo, A. Osses, A. Urquiza., 144 p., 2024. ISBN 978-956-11-3053-1 (impreso), 978-956-11-3054-8 (digital). Link Ecuaciones Diferenciales, Fondo Rector Juvenal Hern\\&#8217;andez, Editorial Universitaria, Universidad de Chile, 215 p., 2025. ISBN 978-956-11-3093-7 (impreso), &hellip; <a href=\"https:\/\/personal.cmm.uchile.cl\/axosses\/es\/difusion\/\" class=\"more-link\">Continue reading <span class=\"screen-reader-text\">Difusi\u00f3n<\/span> <span class=\"meta-nav\">&rarr;<\/span><\/a><\/p>\n","protected":false},"author":5,"featured_media":0,"parent":0,"menu_order":4,"comment_status":"closed","ping_status":"closed","template":"","meta":{"footnotes":""},"class_list":["post-157","page","type-page","status-publish","hentry"],"_links":{"self":[{"href":"https:\/\/personal.cmm.uchile.cl\/axosses\/wp-json\/wp\/v2\/pages\/157","targetHints":{"allow":["GET"]}}],"collection":[{"href":"https:\/\/personal.cmm.uchile.cl\/axosses\/wp-json\/wp\/v2\/pages"}],"about":[{"href":"https:\/\/personal.cmm.uchile.cl\/axosses\/wp-json\/wp\/v2\/types\/page"}],"author":[{"embeddable":true,"href":"https:\/\/personal.cmm.uchile.cl\/axosses\/wp-json\/wp\/v2\/users\/5"}],"replies":[{"embeddable":true,"href":"https:\/\/personal.cmm.uchile.cl\/axosses\/wp-json\/wp\/v2\/comments?post=157"}],"version-history":[{"count":9,"href":"https:\/\/personal.cmm.uchile.cl\/axosses\/wp-json\/wp\/v2\/pages\/157\/revisions"}],"predecessor-version":[{"id":397,"href":"https:\/\/personal.cmm.uchile.cl\/axosses\/wp-json\/wp\/v2\/pages\/157\/revisions\/397"}],"wp:attachment":[{"href":"https:\/\/personal.cmm.uchile.cl\/axosses\/wp-json\/wp\/v2\/media?parent=157"}],"curies":[{"name":"wp","href":"https:\/\/api.w.org\/{rel}","templated":true}]}}